{"id":269,"date":"2025-05-19T10:00:22","date_gmt":"2025-05-19T10:00:22","guid":{"rendered":"https:\/\/fokus.aleanza.ch\/?page_id=269"},"modified":"2025-05-19T14:27:45","modified_gmt":"2025-05-19T14:27:45","slug":"kennenlern-angebot","status":"publish","type":"page","link":"https:\/\/fokus.aleanza.ch\/index.php\/kennenlern-angebot\/","title":{"rendered":"Kennenlern-Angebot"},"content":{"rendered":"<div  class='flex_column av-sfo25-d450e933cb14109107f28c2a71866816 av_one_fourth  avia-builder-el-0  el_before_av_three_fourth  avia-builder-el-first  first flex_column_div  '     ><style type=\"text\/css\" data-created_by=\"avia_inline_auto\" id=\"style-css-av-k6g7p-668df9957e518ff74f441bc5691bf77a\">\n.avia-image-container.av-k6g7p-668df9957e518ff74f441bc5691bf77a img.avia_image{\nbox-shadow:none;\n}\n.avia-image-container.av-k6g7p-668df9957e518ff74f441bc5691bf77a .av-image-caption-overlay-center{\ncolor:#ffffff;\n}\n<\/style>\n<div  class='avia-image-container av-k6g7p-668df9957e518ff74f441bc5691bf77a av-styling- avia-align-center  avia-builder-el-1  avia-builder-el-no-sibling '   itemprop=\"image\" itemscope=\"itemscope\" itemtype=\"https:\/\/schema.org\/ImageObject\" ><div class=\"avia-image-container-inner\"><div class=\"avia-image-overlay-wrap\"><img fetchpriority=\"high\" fetchpriority=\"high\" decoding=\"async\" fetchpriority=\"high\" class='wp-image-250 avia-img-lazy-loading-not-250 avia_image ' src=\"https:\/\/fokus.aleanza.ch\/wp-content\/uploads\/2025\/05\/Urs_495-500-300x242.jpg\" alt='' title='Urs_495-500'  height=\"242\" width=\"300\"  itemprop=\"thumbnailUrl\" srcset=\"https:\/\/fokus.aleanza.ch\/wp-content\/uploads\/2025\/05\/Urs_495-500-300x242.jpg 300w, https:\/\/fokus.aleanza.ch\/wp-content\/uploads\/2025\/05\/Urs_495-500.jpg 495w\" sizes=\"(max-width: 300px) 100vw, 300px\" \/><\/div><\/div><\/div><\/div>\n<div  class='flex_column av-fmts5-98e5ce1e977e923aecfb73b35d6729d7 av_three_fourth  avia-builder-el-2  el_after_av_one_fourth  el_before_av_hr  flex_column_div  '     ><p>\n<style type=\"text\/css\" data-created_by=\"avia_inline_auto\" id=\"style-css-av-mauxetun-da3a9e75efb314c85b90aca2657d5747\">\n#top .av-special-heading.av-mauxetun-da3a9e75efb314c85b90aca2657d5747{\npadding-bottom:10px;\n}\nbody .av-special-heading.av-mauxetun-da3a9e75efb314c85b90aca2657d5747 .av-special-heading-tag .heading-char{\nfont-size:25px;\n}\n.av-special-heading.av-mauxetun-da3a9e75efb314c85b90aca2657d5747 .av-subheading{\nfont-size:15px;\n}\n<\/style>\n<div  class='av-special-heading av-mauxetun-da3a9e75efb314c85b90aca2657d5747 av-special-heading-h2  avia-builder-el-3  el_before_av_textblock  avia-builder-el-first '><h2 class='av-special-heading-tag '  itemprop=\"headline\"  >Kennenlern-Angebot<\/h2><div class=\"special-heading-border\"><div class=\"special-heading-inner-border\"><\/div><\/div><\/div><br \/>\n<section  class='av_textblock_section av-mauxej8y-cab35d80850d9983c511980278209c84 '   itemscope=\"itemscope\" itemtype=\"https:\/\/schema.org\/CreativeWork\" ><div class='avia_textblock'  itemprop=\"text\" ><p>Keine Lust, die Katze im Sack zu kaufen? Verstehen wir! Darum bieten wir Ihnen die Chance, uns kennenzulernen und sich selbst ein Bild zu machen. Entdecken Sie, wie wir Sie begeistern k\u00f6nnen \u2013 ganz ohne Risiko.<\/p>\n<ul>\n<li>1 oder 2 Baustelle nach Wahl im Raum Z\u00fcrich, Luzern oder Aargau<\/li>\n<li>Pauschal, alles inklusive, keine weiteren Kosten<\/li>\n<li>Lieferung der Bilder innerhalb 2 Werktagen<\/li>\n<li>Die Bilder geh\u00f6ren Ihnen, Sie k\u00f6nnen Sie frei f\u00fcr ihre Unterlagen, Dokumentation oder Werbung verwenden<\/li>\n<\/ul>\n<\/div><\/section><br \/>\n<section  class='av_textblock_section av-mauxjzbu-574accfe718bfde4ef66cf26d133cffb '   itemscope=\"itemscope\" itemtype=\"https:\/\/schema.org\/CreativeWork\" ><div class='avia_textblock'  itemprop=\"text\" ><h3 style=\"text-align: left;\"><strong>CHF 300.\u2013\u00a0 \u00a0|\u00a0 \u00a0CHF 500.\u2013<\/strong><\/h3>\n<p style=\"text-align: left;\">(exkl. MwSt)<\/p>\n<\/div><\/section><\/p><\/div><div  class='hr av-77ghh-870557f9cbbdddc4d3cab8dd54dd205f hr-default  avia-builder-el-6  el_after_av_three_fourth  el_before_av_one_full '><span class='hr-inner '><span class=\"hr-inner-style\"><\/span><\/span><\/div><\/p>\n<div  class='flex_column av-g4cyd-73fd2570518da4752f4de76fe4bbe534 av_one_full  avia-builder-el-7  el_after_av_hr  avia-builder-el-last  first flex_column_div  '     ><form action=\"https:\/\/fokus.aleanza.ch\/index.php\/kennenlern-angebot\/\" method=\"post\" data-fields-with-error=\"Fehler wurden in folgenden Feld(ern) gefunden:\" class=\"avia_ajax_form av-form-labels-visible   avia-builder-el-8  avia-builder-el-no-sibling   \" data-avia-form-id=\"1\" data-avia-redirect=''  aria-label='Kontaktformular' ><h3 class=''>Kennenlern-Angebot<\/h3><fieldset><p class='  first_form  form_element form_fullwidth' id='element_avia_1_1'><label for=\"avia_1_1\">Name <abbr class=\"required\" title=\"ben\u00f6tigt\">*<\/abbr><\/label> <input name=\"avia_1_1\" class=\"text_input is_empty\" type=\"text\" id=\"avia_1_1\" value=\"\" \/><\/p><p class='  first_form  form_element form_fullwidth' id='element_avia_2_1'><label for=\"avia_2_1\">Firma <abbr class=\"required\" title=\"ben\u00f6tigt\">*<\/abbr><\/label> <input name=\"avia_2_1\" class=\"text_input is_empty\" type=\"text\" id=\"avia_2_1\" value=\"\" \/><\/p><p class='  first_form  form_element form_fullwidth' id='element_avia_3_1'><label for=\"avia_3_1\">Telefonnummer oder E-Mail <abbr class=\"required\" title=\"ben\u00f6tigt\">*<\/abbr><\/label> <input name=\"avia_3_1\" class=\"text_input is_empty\" type=\"text\" id=\"avia_3_1\" value=\"\" \/><\/p><p class='  first_form  form_element form_element_third' id='element_avia_4_1'><input  name=\"avia_4_1\" class=\"input_checkbox \" type=\"checkbox\" id=\"avia_4_1\" value=\"true\"\/><label class=\"input_checkbox_label\" for=\"avia_4_1\">1 Baustelle | CHF 300.\u2013<\/label><\/p><p class='  form_element form_element_third' id='element_avia_5_1'><input  name=\"avia_5_1\" class=\"input_checkbox \" type=\"checkbox\" id=\"avia_5_1\" value=\"true\"\/><label class=\"input_checkbox_label\" for=\"avia_5_1\">2 Baustellen | CHF 500.\u2013<\/label><\/p><p class='  first_form  form_element form_fullwidth av-last-visible-form-element' id='element_avia_6_1'><label for=\"avia_6_1\" class=\"textare_label hidden textare_label_avia_6_1\">Nachricht <abbr class=\"required\" title=\"ben\u00f6tigt\">*<\/abbr><\/label><textarea  name=\"avia_6_1\" class=\"text_area is_empty\" cols=\"40\" rows=\"7\" id=\"avia_6_1\" ><\/textarea><\/p><p class=\"hidden\"><input type=\"text\" name=\"avia_7_1\" class=\"hidden \" id=\"avia_7_1\" value=\"\" \/><\/p><p class=\"form_element \"><input type=\"hidden\" value=\"1\" name=\"avia_generated_form1\" \/><input type=\"submit\" value=\"Senden\" class=\"button\"  data-sending-label=\"Sende\"\/><\/p><\/fieldset><\/form><div id=\"ajaxresponse_1\" class=\"ajaxresponse ajaxresponse_1 hidden\"><\/div><\/div>\n","protected":false},"excerpt":{"rendered":"","protected":false},"author":1,"featured_media":0,"parent":0,"menu_order":0,"comment_status":"closed","ping_status":"closed","template":"","meta":{"footnotes":""},"class_list":["post-269","page","type-page","status-publish","hentry"],"_links":{"self":[{"href":"https:\/\/fokus.aleanza.ch\/index.php\/wp-json\/wp\/v2\/pages\/269","targetHints":{"allow":["GET"]}}],"collection":[{"href":"https:\/\/fokus.aleanza.ch\/index.php\/wp-json\/wp\/v2\/pages"}],"about":[{"href":"https:\/\/fokus.aleanza.ch\/index.php\/wp-json\/wp\/v2\/types\/page"}],"author":[{"embeddable":true,"href":"https:\/\/fokus.aleanza.ch\/index.php\/wp-json\/wp\/v2\/users\/1"}],"replies":[{"embeddable":true,"href":"https:\/\/fokus.aleanza.ch\/index.php\/wp-json\/wp\/v2\/comments?post=269"}],"version-history":[{"count":22,"href":"https:\/\/fokus.aleanza.ch\/index.php\/wp-json\/wp\/v2\/pages\/269\/revisions"}],"predecessor-version":[{"id":312,"href":"https:\/\/fokus.aleanza.ch\/index.php\/wp-json\/wp\/v2\/pages\/269\/revisions\/312"}],"wp:attachment":[{"href":"https:\/\/fokus.aleanza.ch\/index.php\/wp-json\/wp\/v2\/media?parent=269"}],"curies":[{"name":"wp","href":"https:\/\/api.w.org\/{rel}","templated":true}]}}